{"id":2,"date":"2022-07-12T09:50:14","date_gmt":"2022-07-12T07:50:14","guid":{"rendered":"http:\/\/www.heem.fr\/?page_id=2"},"modified":"2022-10-24T13:09:27","modified_gmt":"2022-10-24T11:09:27","slug":"page-d-exemple","status":"publish","type":"page","link":"https:\/\/www.heem.fr\/index.php\/page-d-exemple\/","title":{"rendered":"Page d\u2019exemple"},"content":{"rendered":"\n<p style=\"font-size:27px\"><strong>ACTIVITES DE RECHERCHES AU SEIN DU LABORATOIRE <a rel=\"noreferrer noopener\" href=\"http:\/\/www.gredeg.cnrs.fr\" target=\"_blank\">GREDEG<\/a><\/strong><\/p>\n\n\n\n<hr class=\"wp-block-separator has-alpha-channel-opacity\"\/>\n\n\n\n<p class=\"has-medium-font-size\"><strong>Le laboratoire GREDEG est une unit\u00e9 mixte de recherche entre le CNRS et l&rsquo;Universit\u00e9 de Nice &#8211; Sophia Antipolis<\/strong><\/p>\n\n\n\n<ul class=\"has-black-color has-text-color wp-block-list\" style=\"font-size:28px\"><li>Th\u00e8se <\/li><\/ul>\n\n\n\n<p class=\"has-black-color has-text-color\"><strong>Titre : Le contr\u00f4le interne du risque de cr\u00e9dit bancaire<\/strong><\/p>\n\n\n\n<p><strong>Th\u00e8se soutenue publiquement le 5 d\u00e9cembre 2000<\/strong><\/p>\n\n\n\n<p><strong>Mention : Tr\u00e8s Honorable avec les f\u00e9licitations du jury<\/strong><\/p>\n\n\n\n<p><strong>Directeur de th\u00e8se : Monsieur le Professeur Jacques Lebraty<\/strong><\/p>\n\n\n\n<div class=\"wp-block-file\"><a id=\"wp-block-file--media-8cf290d2-e823-4a31-94b3-c498ab72c1c9\" href=\"https:\/\/www.heem.fr\/wp-content\/uploads\/2022\/10\/resume.htm\" target=\"_blank\" rel=\"noreferrer noopener\">r\u00e9sum\u00e9 de la th\u00e8se<\/a><a href=\"https:\/\/www.heem.fr\/wp-content\/uploads\/2022\/10\/resume.htm\" class=\"wp-block-file__button\" download aria-describedby=\"wp-block-file--media-8cf290d2-e823-4a31-94b3-c498ab72c1c9\">T\u00e9l\u00e9charger<\/a><\/div>\n\n\n\n<p class=\"has-black-color has-text-color has-large-font-size\"><\/p>\n\n\n\n<ul class=\"has-black-color has-text-color wp-block-list\" style=\"font-size:26px\"><li>Habilitation \u00e0 Diriger des Recherches (HDR)<\/li><\/ul>\n\n\n\n<p class=\"has-black-color has-text-color\"><strong>Titre : <\/strong><strong>Le contr\u00f4le des institutions bancaires&nbsp;: du renforcement du contr\u00f4le interne au contr\u00f4le externe par l\u2019information financi\u00e8re en IFRS<\/strong><\/p>\n\n\n\n<p><strong>HDR soutenue publiquement le 13 f\u00e9vrier 2014<\/strong><\/p>\n\n\n\n<p><strong>Coordinateur de recherche : Monsieur le Professeur Boualem Aliouat<\/strong><\/p>\n\n\n\n<p><\/p>\n\n\n\n<ul class=\"has-black-color has-text-color wp-block-list\" style=\"font-size:26px\"><li>Ouvrage<\/li><\/ul>\n\n\n\n<p><strong>Lire les \u00e9tats financiers en IFRS, Editions d&rsquo;Organisation, 2004<\/strong>.<\/p>\n\n\n\n<figure class=\"wp-block-gallery has-nested-images columns-default is-cropped wp-block-gallery-1 is-layout-flex wp-block-gallery-is-layout-flex\">\n<figure class=\"wp-block-image size-full\"><img loading=\"lazy\" decoding=\"async\" width=\"303\" height=\"430\" data-id=\"184\" src=\"https:\/\/www.heem.fr\/wp-content\/uploads\/2022\/10\/Livre-IFRS-Heem-1-5.jpg\" alt=\"\" class=\"wp-image-184\" srcset=\"https:\/\/www.heem.fr\/wp-content\/uploads\/2022\/10\/Livre-IFRS-Heem-1-5.jpg 303w, https:\/\/www.heem.fr\/wp-content\/uploads\/2022\/10\/Livre-IFRS-Heem-1-5-211x300.jpg 211w\" sizes=\"auto, (max-width: 303px) 100vw, 303px\" \/><\/figure>\n\n\n\n<figure class=\"wp-block-image size-full\"><img loading=\"lazy\" decoding=\"async\" width=\"500\" height=\"706\" data-id=\"183\" src=\"https:\/\/www.heem.fr\/wp-content\/uploads\/2022\/10\/Livre-IFRS-Heem-2-2.jpg\" alt=\"\" class=\"wp-image-183\" srcset=\"https:\/\/www.heem.fr\/wp-content\/uploads\/2022\/10\/Livre-IFRS-Heem-2-2.jpg 500w, https:\/\/www.heem.fr\/wp-content\/uploads\/2022\/10\/Livre-IFRS-Heem-2-2-212x300.jpg 212w\" sizes=\"auto, (max-width: 500px) 100vw, 500px\" \/><\/figure>\n<\/figure>\n\n\n\n<p><\/p>\n\n\n\n<p><\/p>\n\n\n\n<div class=\"wp-block-columns is-layout-flex wp-container-core-columns-is-layout-9d6595d7 wp-block-columns-is-layout-flex\">\n<div class=\"wp-block-column is-layout-flow wp-block-column-is-layout-flow\" style=\"flex-basis:100%\">\n<div class=\"wp-block-group\"><div class=\"wp-block-group__inner-container is-layout-flow wp-block-group-is-layout-flow\">\n<div class=\"wp-block-file\"><a id=\"wp-block-file--media-00fa5d03-8a19-4bf6-bf14-d594e236e8cc\" href=\"https:\/\/www.heem.fr\/wp-content\/uploads\/2022\/10\/Livre-Introduction-1.pdf\" target=\"_blank\" rel=\"noreferrer noopener\"><strong>Chapitre d&rsquo;introduction<\/strong><\/a><a href=\"https:\/\/www.heem.fr\/wp-content\/uploads\/2022\/10\/Livre-Introduction-1.pdf\" class=\"wp-block-file__button\" download aria-describedby=\"wp-block-file--media-00fa5d03-8a19-4bf6-bf14-d594e236e8cc\">T\u00e9l\u00e9charger<\/a><\/div>\n<\/div><\/div>\n\n\n\n<div class=\"wp-block-file\"><a id=\"wp-block-file--media-32d1e130-3028-428c-b0d4-0b8856fe6d61\" href=\"https:\/\/www.heem.fr\/wp-content\/uploads\/2022\/10\/Critique-du-livre-par-lExpansion-1.pdf\" target=\"_blank\" rel=\"noreferrer noopener\"><strong>Critique du livre par l&rsquo;Expansion<\/strong><\/a><a href=\"https:\/\/www.heem.fr\/wp-content\/uploads\/2022\/10\/Critique-du-livre-par-lExpansion-1.pdf\" class=\"wp-block-file__button\" download aria-describedby=\"wp-block-file--media-32d1e130-3028-428c-b0d4-0b8856fe6d61\">T\u00e9l\u00e9charger<\/a><\/div>\n<\/div>\n<\/div>\n\n\n\n<p><\/p>\n\n\n\n<p><\/p>\n\n\n\n<ul class=\"wp-block-list\" style=\"font-size:26px\"><li><mark style=\"background-color:rgba(0, 0, 0, 0)\" class=\"has-inline-color has-black-color\">Chapitre d&rsquo;ouvrage<\/mark><\/li><\/ul>\n\n\n\n<p><strong>\u00ab Convention et contr\u00f4le interne bancaire \u00bb, dans Conventions et Sciences de Gestion, sous la direction de M. Amblard et P. Gensse, De Boeck, septembre 2003, pp. 117-137.<\/strong><\/p>\n\n\n\n<div class=\"wp-block-file\"><a id=\"wp-block-file--media-40244c80-309e-4b01-873a-2830499863b7\" href=\"https:\/\/www.heem.fr\/wp-content\/uploads\/2022\/10\/Chapitre-douvrage-collectif-convention.pdf\" target=\"_blank\" rel=\"noreferrer noopener\"><strong>Chapitre d&rsquo;ouvrage <\/strong><\/a><a href=\"https:\/\/www.heem.fr\/wp-content\/uploads\/2022\/10\/Chapitre-douvrage-collectif-convention.pdf\" class=\"wp-block-file__button\" download aria-describedby=\"wp-block-file--media-40244c80-309e-4b01-873a-2830499863b7\">T\u00e9l\u00e9charger<\/a><\/div>\n\n\n\n<p><\/p>\n\n\n\n<p><\/p>\n\n\n\n<p><\/p>\n\n\n\n<p><\/p>\n\n\n\n<p><mark style=\"background-color:rgba(0, 0, 0, 0)\" class=\"has-inline-color has-black-color\"><\/mark><\/p>\n\n\n\n<ul class=\"wp-block-list\" style=\"font-size:26px\"><li><mark style=\"background-color:rgba(0, 0, 0, 0)\" class=\"has-inline-color has-black-color\">Articles publi\u00e9s dans des revues scientifiques<\/mark><\/li><\/ul>\n\n\n\n<p><strong>&#8211; \u00ab\u00a0<\/strong><strong>La valorisation des instruments financiers dans les banques europ\u00e9ennes entre 2009 et 2011&nbsp;: valeurs de march\u00e9 ou valeurs issues de mod\u00e8les\u00a0\u00bb, Revue d\u2019Economie Financi\u00e8re, en collaboration avec D.<\/strong> <strong>Dufour, n\u00b0112, D\u00e9cembre 2013, pp.317-331.<\/strong><\/p>\n\n\n\n<p><strong>&#8211; \u00ab\u00a0Crise financi\u00e8re et comptabilit\u00e9&nbsp;: le cas du reclassement des instruments financiers dans les banques europ\u00e9ennes\u00a0\u00bb, Economies et Soci\u00e9t\u00e9s s\u00e9rie Entreprise et finance, n\u00b02, 2012, pp. 553-570.<\/strong><\/p>\n\n\n\n<div class=\"wp-block-file\"><a id=\"wp-block-file--media-4fe4d0d1-6cf6-4747-9f07-b596bb57636c\" href=\"https:\/\/www.heem.fr\/wp-content\/uploads\/2022\/10\/Article-Economies-et-Societes-2012.pdf\" target=\"_blank\" rel=\"noreferrer noopener\">T\u00e9l\u00e9charger l&rsquo;article<\/a><a href=\"https:\/\/www.heem.fr\/wp-content\/uploads\/2022\/10\/Article-Economies-et-Societes-2012.pdf\" class=\"wp-block-file__button\" download aria-describedby=\"wp-block-file--media-4fe4d0d1-6cf6-4747-9f07-b596bb57636c\">T\u00e9l\u00e9charger<\/a><\/div>\n\n\n\n<p><strong>&#8211; \u00ab\u00a0Les crit\u00e8res de d\u00e9termination de la part variable de la r\u00e9mun\u00e9ration des dirigeants du CAC 40\u00a0\u00bb, Revue Fran\u00e7aise de Gouvernance d&rsquo;Entreprise (RFGE), n\u00b07, 2010.<\/strong><\/p>\n\n\n\n<div class=\"wp-block-file\"><a id=\"wp-block-file--media-625fa3fb-a2dc-4596-aaae-5ad22841eaec\" href=\"https:\/\/www.heem.fr\/wp-content\/uploads\/2022\/10\/RFGE.pdf\" target=\"_blank\" rel=\"noreferrer noopener\">T\u00e9l\u00e9charger l&rsquo;article<\/a><a href=\"https:\/\/www.heem.fr\/wp-content\/uploads\/2022\/10\/RFGE.pdf\" class=\"wp-block-file__button\" download aria-describedby=\"wp-block-file--media-625fa3fb-a2dc-4596-aaae-5ad22841eaec\">T\u00e9l\u00e9charger<\/a><\/div>\n\n\n\n<p><strong>&#8211; \u00ab\u00a0La communication sur les indicateurs de performance non d\u00e9finis en IFRS par les soci\u00e9t\u00e9s du CAC 40, Revue Fran\u00e7aise de comptabilit\u00e9 de Janvier 2008<\/strong><\/p>\n\n\n\n<div class=\"wp-block-file\"><a id=\"wp-block-file--media-635b66c4-5d00-404b-b536-b6947b120ab8\" href=\"https:\/\/www.heem.fr\/wp-content\/uploads\/2022\/10\/Article-RFC-Octobre-2008-Heem.pdf\" target=\"_blank\" rel=\"noreferrer noopener\">T\u00e9l\u00e9charger l&rsquo;article<\/a><a href=\"https:\/\/www.heem.fr\/wp-content\/uploads\/2022\/10\/Article-RFC-Octobre-2008-Heem.pdf\" class=\"wp-block-file__button\" download aria-describedby=\"wp-block-file--media-635b66c4-5d00-404b-b536-b6947b120ab8\">T\u00e9l\u00e9charger<\/a><\/div>\n\n\n\n<p><strong>&#8211; \u00ab\u00a0La r\u00e9forme de la normalisation comptable fran\u00e7aise : simple modernisation ou rupture profonde ?, Petites affiches<\/strong><strong> d&rsquo;octobre 2007<\/strong><\/p>\n\n\n\n<p><strong>&#8211; \u00ab\u00a0Une approche conventionnaliste de l&rsquo;\u00e9volution du contr\u00f4le interne, Article publi\u00e9 dans la<\/strong> <a href=\"http:\/\/www.fnege.fr\"><strong>Revue Fran\u00e7aise de Gestion (RFG)<\/strong><\/a><strong> de Juin-Juillet-Aout 2001, pp. 38-46.<\/strong><\/p>\n\n\n\n<p><strong>&#8211; \u00ab\u00a0Quelle m\u00e9thodologie pour la recherche sur le contr\u00f4le interne dans les banques fran\u00e7aises ?, Article publi\u00e9 dans la revue <\/strong><a href=\"https:\/\/www.afc-cca.com\/pages\/revue-cca\" data-type=\"URL\" data-id=\"https:\/\/www.afc-cca.com\/pages\/revue-cca\"><strong>Comptabilit\u00e9 Contr\u00f4le Audit<\/strong><\/a><strong> de D\u00e9cembre 2000, pp. 43-55.<\/strong><\/p>\n\n\n\n<p><strong>&#8211; \u00ab\u00a0Le pr\u00e9-provisionnement des cr\u00e9ances dans les banques fran\u00e7aises, Article publi\u00e9 dans <\/strong><a href=\"http:\/\/www.dfcg.com\"><strong>la revue Echanges<\/strong><\/a><strong> (Revue de l&rsquo;Association des directeurs financiers et de contr\u00f4le de gestion DFCG) de juillet 1998, pp. 21-24.<\/strong><\/p>\n\n\n\n<p><strong>&#8211; \u00ab\u00a0Les d\u00e9fis lanc\u00e9s aux banques fran\u00e7aises \u00e0 l&rsquo;aube du 21e si\u00e8cle\u00a0\u00bb, Article publi\u00e9 dans le num\u00e9ro 113 de la revue du Financier.<\/strong><\/p>\n\n\n\n<p><strong>-\u00ab\u00a0Vers un pr\u00e9-provisionnement des cr\u00e9ances dans le secteur bancaire fran\u00e7ais ?\u00a0\u00bb, Article publi\u00e9 dans le num\u00e9ro 110 de la revue du Financier d&rsquo;octobre 1997, pp. 18-30.<\/strong><\/p>\n\n\n\n<p><\/p>\n\n\n\n<p><\/p>\n\n\n\n<p><\/p>\n\n\n\n<p><mark style=\"background-color:rgba(0, 0, 0, 0)\" class=\"has-inline-color has-black-color\"><\/mark><\/p>\n\n\n\n<ul class=\"wp-block-list\" style=\"font-size:26px\"><li><mark style=\"background-color:rgba(0, 0, 0, 0)\" class=\"has-inline-color has-black-color\">Articles publi\u00e9s dans des revues professionnelles<\/mark><\/li><\/ul>\n\n\n\n<p><strong>&#8211; \u00ab\u00a0Les normes comptables IAS\/IFRS quel mod\u00e8le comptable , quels utilisateurs privil\u00e9gi\u00e9s\u00a0\u00bb, Revue Ouverture \u2013 Experts Comptables de France, n\u00b053, Juin, 2003, pp. 33-35.<\/strong><\/p>\n\n\n\n<div class=\"wp-block-file\"><a id=\"wp-block-file--media-2081b24d-f786-4d89-ba7c-1e583e2ec25a\" href=\"https:\/\/www.heem.fr\/wp-content\/uploads\/2022\/10\/Article-Revue-Ouverture-Juin-2003.pdf\" target=\"_blank\" rel=\"noreferrer noopener\">T\u00e9l\u00e9charger l&rsquo;article<\/a><a href=\"https:\/\/www.heem.fr\/wp-content\/uploads\/2022\/10\/Article-Revue-Ouverture-Juin-2003.pdf\" class=\"wp-block-file__button\" download aria-describedby=\"wp-block-file--media-2081b24d-f786-4d89-ba7c-1e583e2ec25a\">T\u00e9l\u00e9charger<\/a><\/div>\n\n\n\n<p><\/p>\n\n\n\n<p><\/p>\n\n\n\n<p><\/p>\n\n\n\n<p><\/p>\n\n\n\n<ul class=\"wp-block-list\" style=\"font-size:26px\"><li><mark style=\"background-color:rgba(0, 0, 0, 0)\" class=\"has-inline-color has-black-color\">Articles publi\u00e9s dans la presse<\/mark><\/li><\/ul>\n\n\n\n<p><strong>&#8211;<\/strong> <strong>\u00ab\u00a0Ce que vont changer les nouvelles normes comptables IFRS\u00a0\u00bb,<\/strong> Management, Mai 2005, pp. 86-88.<\/p>\n\n\n\n<div class=\"wp-block-file\"><a id=\"wp-block-file--media-54ac70d8-e48e-42e1-b61a-ad9d01b6a2a7\" href=\"https:\/\/www.heem.fr\/wp-content\/uploads\/2022\/10\/Article-Management-Mai-2005.pdf\" target=\"_blank\" rel=\"noreferrer noopener\">T\u00e9l\u00e9charger l&rsquo;article<\/a><a href=\"https:\/\/www.heem.fr\/wp-content\/uploads\/2022\/10\/Article-Management-Mai-2005.pdf\" class=\"wp-block-file__button\" download aria-describedby=\"wp-block-file--media-54ac70d8-e48e-42e1-b61a-ad9d01b6a2a7\">T\u00e9l\u00e9charger<\/a><\/div>\n\n\n\n<p><strong>&#8211; Interview dans Nice Matin sur la crise financi\u00e8re, 28 Novembre 2011.<\/strong><\/p>\n\n\n\n<div class=\"wp-block-file\"><a id=\"wp-block-file--media-a3a2b241-219c-4c13-aa5f-13c2a4a13801\" href=\"https:\/\/www.heem.fr\/wp-content\/uploads\/2022\/10\/Interview-Nice-Matin-Novembre-2011.pdf\" target=\"_blank\" rel=\"noreferrer noopener\">T\u00e9l\u00e9charger l&rsquo;article<\/a><a href=\"https:\/\/www.heem.fr\/wp-content\/uploads\/2022\/10\/Interview-Nice-Matin-Novembre-2011.pdf\" class=\"wp-block-file__button\" download aria-describedby=\"wp-block-file--media-a3a2b241-219c-4c13-aa5f-13c2a4a13801\">T\u00e9l\u00e9charger<\/a><\/div>\n\n\n\n<p><\/p>\n\n\n\n<p><\/p>\n\n\n\n<p><\/p>\n\n\n\n<p><\/p>\n\n\n\n<ul class=\"wp-block-list\" style=\"font-size:26px\"><li><mark style=\"background-color:rgba(0, 0, 0, 0)\" class=\"has-inline-color has-black-color\">Communications \u00e0 des congr\u00e8s<\/mark><\/li><\/ul>\n\n\n\n<p>&#8211; \u00ab&nbsp;Outils d&rsquo;aide \u00e0 la d\u00e9cision et mod\u00e8les d&rsquo;utilisateur dans le secteur bancaire&nbsp;\u00bb, <strong>Congr\u00e8s de l\u2019International Federation of Scholarly Associations of Management (IFSAM)<\/strong>, en collaboration avec G. Blanchard, Paris, 8, 9, 10 juillet 2010.<\/p>\n\n\n\n<p>&#8211; \u00ab&nbsp;L\u2019impact du passage \u00e0 la norme IFRS 8 sur les informations sectorielles publi\u00e9es par les entreprises du CAC 40&nbsp;\u00bb, <strong>Deuxi\u00e8me congr\u00e8s transatlantique de Comptabilit\u00e9, Contr\u00f4le, Audit et gestion des co\u00fbts<\/strong>, en collaboration avec P. Taddei, IAE de Lyon 3, ISEOR, 14, 15, 16 juin 2010.<\/p>\n\n\n\n<p>&nbsp;&#8211; \u00ab&nbsp;Les crit\u00e8res de d\u00e9termination de la part variable de la r\u00e9mun\u00e9ration des dirigeants&nbsp;\u00bb, <strong>31e Congr\u00e8s de l&rsquo;Association Francophone de Comptabilit\u00e9 (AFC),<\/strong> Universit\u00e9 de Nice-Sophia Antipolis, 10,11,12 mai 2010, 13p.<\/p>\n\n\n\n<p>&#8211; \u00ab L\u2019apport de la th\u00e9orie des conventions \u00e0 la probl\u00e9matique du contr\u00f4le interne dans les banques, <strong>XXIe Journ\u00e9es des IAE<\/strong>, IAE de Paris, Universit\u00e9 Paris 1 Panth\u00e9on-Sorbonne, Septembre 2002, CD ROM, 14p.<\/p>\n\n\n\n<div class=\"wp-block-file\"><a id=\"wp-block-file--media-2c5b5b70-33ec-4fa9-a920-92a3d77020a6\" href=\"https:\/\/www.heem.fr\/wp-content\/uploads\/2022\/10\/Communication-congres-des-IAE-2002.pdf\" target=\"_blank\" rel=\"noreferrer noopener\">T\u00e9l\u00e9charger la communication<\/a><a href=\"https:\/\/www.heem.fr\/wp-content\/uploads\/2022\/10\/Communication-congres-des-IAE-2002.pdf\" class=\"wp-block-file__button\" download aria-describedby=\"wp-block-file--media-2c5b5b70-33ec-4fa9-a920-92a3d77020a6\">T\u00e9l\u00e9charger<\/a><\/div>\n\n\n\n<p>&#8211; \u00ab\u00a0Pr\u00e9-provisionnement des cr\u00e9ances et performance des banques fran\u00e7aises\u00a0\u00bb, communication au <strong><a href=\"http:\/\/www.univ-valenciennes.fr\/AFC\/compta-infos\/BULCI9810.htm\">XIXe congr\u00e8s de l&rsquo;Association Fran\u00e7aise de Comptabilit\u00e9 (AFC)<\/a><\/strong> des 14, 15 et 16 mai 1998, pp. 959-971.<\/p>\n\n\n\n<p><\/p>\n\n\n\n<p><\/p>\n\n\n\n<p><\/p>\n\n\n\n<p><\/p>\n\n\n\n<ul class=\"wp-block-list\" style=\"font-size:27px\"><li><mark style=\"background-color:rgba(0, 0, 0, 0)\" class=\"has-inline-color has-black-color\">Prix<\/mark><\/li><\/ul>\n\n\n\n<p><strong>&#8211; Premier prix du concours national organis\u00e9 par l&rsquo;Association Fran\u00e7aise des Contr\u00f4leurs de Gestion de Banque (AFCGB) pour mes travaux sur la tarification des cr\u00e9dits.<\/strong><\/p>\n\n\n\n<p><strong>L&rsquo;AFCGB regroupe 200 contr\u00f4leurs de gestion appartenant \u00e0 135 \u00e9tablissements financiers diff\u00e9rents. A ces adh\u00e9rents s&rsquo;ajoutent, comme membres associ\u00e9s, les repr\u00e9sentants des plus grands cabinets de conseil en management.<\/strong><\/p>\n\n\n\n<p><strong>Cr\u00e9e en 1978, l&rsquo;AFCGB poursuit depuis son origine, l&rsquo;ambition de d\u00e9velopper et de promouvoir le r\u00f4le, la fonction et les m\u00e9thodes du contr\u00f4leur de gestion.<\/strong><\/p>\n\n\n\n<p><strong>L&rsquo;AFCGB a sign\u00e9 un accord de coop\u00e9ration avec l&rsquo;Association fran\u00e7aises des directeurs financiers et de contr\u00f4le de gestion (DFCG), fortement implant\u00e9e \u00e0 Paris et en province avec ses 2000 adh\u00e9rents.<\/strong><\/p>\n","protected":false},"excerpt":{"rendered":"<p>ACTIVITES DE RECHERCHES AU SEIN DU LABORATOIRE GREDEG Le laboratoire GREDEG est une unit\u00e9 mixte de recherche entre le CNRS et l&rsquo;Universit\u00e9 de Nice &#8211; Sophia Antipolis Th\u00e8se Titre : Le contr\u00f4le interne du risque de cr\u00e9dit bancaire Th\u00e8se soutenue publiquement le 5 d\u00e9cembre 2000 Mention : Tr\u00e8s Honorable avec les f\u00e9licitations du jury Directeur<\/p>\n<div class=\"more-link\">\n\t\t\t\t <a href=\"https:\/\/www.heem.fr\/index.php\/page-d-exemple\/\" class=\"link-btn theme-btn\"><span>Read More <\/span> <i class=\"fa fa-caret-right\"><\/i><\/a>\n\t\t\t<\/div>\n","protected":false},"author":1,"featured_media":0,"parent":0,"menu_order":0,"comment_status":"closed","ping_status":"open","template":"","meta":{"footnotes":""},"class_list":["post-2","page","type-page","status-publish","hentry"],"yoast_head":"<!-- This site is optimized with the Yoast SEO plugin v19.9 - https:\/\/yoast.com\/wordpress\/plugins\/seo\/ -->\n<title>Page d\u2019exemple -<\/title>\n<meta name=\"robots\" content=\"index, follow, max-snippet:-1, max-image-preview:large, max-video-preview:-1\" \/>\n<link rel=\"canonical\" href=\"https:\/\/www.heem.fr\/index.php\/page-d-exemple\/\" \/>\n<meta property=\"og:locale\" content=\"fr_FR\" \/>\n<meta property=\"og:type\" content=\"article\" \/>\n<meta property=\"og:title\" content=\"Page d\u2019exemple -\" \/>\n<meta property=\"og:description\" content=\"ACTIVITES DE RECHERCHES AU SEIN DU LABORATOIRE GREDEG Le laboratoire GREDEG est une unit\u00e9 mixte de recherche entre le CNRS et l&rsquo;Universit\u00e9 de Nice &#8211; Sophia Antipolis Th\u00e8se Titre : Le contr\u00f4le interne du risque de cr\u00e9dit bancaire Th\u00e8se soutenue publiquement le 5 d\u00e9cembre 2000 Mention : Tr\u00e8s Honorable avec les f\u00e9licitations du jury Directeur    Read More\" \/>\n<meta property=\"og:url\" content=\"https:\/\/www.heem.fr\/index.php\/page-d-exemple\/\" \/>\n<meta property=\"article:modified_time\" content=\"2022-10-24T11:09:27+00:00\" \/>\n<meta property=\"og:image\" content=\"http:\/\/www.heem.fr\/wp-content\/uploads\/2022\/10\/Livre-IFRS-Heem-1-5.jpg\" \/>\n<meta name=\"twitter:card\" content=\"summary_large_image\" \/>\n<meta name=\"twitter:label1\" content=\"Dur\u00e9e de lecture estim\u00e9e\" \/>\n\t<meta name=\"twitter:data1\" content=\"4 minutes\" \/>\n<script type=\"application\/ld+json\" class=\"yoast-schema-graph\">{\"@context\":\"https:\/\/schema.org\",\"@graph\":[{\"@type\":\"WebPage\",\"@id\":\"https:\/\/www.heem.fr\/index.php\/page-d-exemple\/\",\"url\":\"https:\/\/www.heem.fr\/index.php\/page-d-exemple\/\",\"name\":\"Page d\u2019exemple -\",\"isPartOf\":{\"@id\":\"https:\/\/www.heem.fr\/#website\"},\"datePublished\":\"2022-07-12T07:50:14+00:00\",\"dateModified\":\"2022-10-24T11:09:27+00:00\",\"breadcrumb\":{\"@id\":\"https:\/\/www.heem.fr\/index.php\/page-d-exemple\/#breadcrumb\"},\"inLanguage\":\"fr-FR\",\"potentialAction\":[{\"@type\":\"ReadAction\",\"target\":[\"https:\/\/www.heem.fr\/index.php\/page-d-exemple\/\"]}]},{\"@type\":\"BreadcrumbList\",\"@id\":\"https:\/\/www.heem.fr\/index.php\/page-d-exemple\/#breadcrumb\",\"itemListElement\":[{\"@type\":\"ListItem\",\"position\":1,\"name\":\"Accueil\",\"item\":\"https:\/\/www.heem.fr\/\"},{\"@type\":\"ListItem\",\"position\":2,\"name\":\"Page d\u2019exemple\"}]},{\"@type\":\"WebSite\",\"@id\":\"https:\/\/www.heem.fr\/#website\",\"url\":\"https:\/\/www.heem.fr\/\",\"name\":\"Site Web de Gr\u00e9groy HEEM\",\"description\":\"Bienvenue sur mon site.\",\"publisher\":{\"@id\":\"https:\/\/www.heem.fr\/#organization\"},\"potentialAction\":[{\"@type\":\"SearchAction\",\"target\":{\"@type\":\"EntryPoint\",\"urlTemplate\":\"https:\/\/www.heem.fr\/?s={search_term_string}\"},\"query-input\":\"required name=search_term_string\"}],\"inLanguage\":\"fr-FR\"},{\"@type\":\"Organization\",\"@id\":\"https:\/\/www.heem.fr\/#organization\",\"name\":\"Gr\u00e9gory HEEM\",\"url\":\"https:\/\/www.heem.fr\/\",\"logo\":{\"@type\":\"ImageObject\",\"inLanguage\":\"fr-FR\",\"@id\":\"https:\/\/www.heem.fr\/#\/schema\/logo\/image\/\",\"url\":\"https:\/\/www.heem.fr\/wp-content\/uploads\/2022\/10\/cropped-heem-4.jpg\",\"contentUrl\":\"https:\/\/www.heem.fr\/wp-content\/uploads\/2022\/10\/cropped-heem-4.jpg\",\"width\":190,\"height\":249,\"caption\":\"Gr\u00e9gory HEEM\"},\"image\":{\"@id\":\"https:\/\/www.heem.fr\/#\/schema\/logo\/image\/\"}}]}<\/script>\n<!-- \/ Yoast SEO plugin. -->","yoast_head_json":{"title":"Page d\u2019exemple -","robots":{"index":"index","follow":"follow","max-snippet":"max-snippet:-1","max-image-preview":"max-image-preview:large","max-video-preview":"max-video-preview:-1"},"canonical":"https:\/\/www.heem.fr\/index.php\/page-d-exemple\/","og_locale":"fr_FR","og_type":"article","og_title":"Page d\u2019exemple -","og_description":"ACTIVITES DE RECHERCHES AU SEIN DU LABORATOIRE GREDEG Le laboratoire GREDEG est une unit\u00e9 mixte de recherche entre le CNRS et l&rsquo;Universit\u00e9 de Nice &#8211; Sophia Antipolis Th\u00e8se Titre : Le contr\u00f4le interne du risque de cr\u00e9dit bancaire Th\u00e8se soutenue publiquement le 5 d\u00e9cembre 2000 Mention : Tr\u00e8s Honorable avec les f\u00e9licitations du jury Directeur    Read More","og_url":"https:\/\/www.heem.fr\/index.php\/page-d-exemple\/","article_modified_time":"2022-10-24T11:09:27+00:00","og_image":[{"url":"http:\/\/www.heem.fr\/wp-content\/uploads\/2022\/10\/Livre-IFRS-Heem-1-5.jpg"}],"twitter_card":"summary_large_image","twitter_misc":{"Dur\u00e9e de lecture estim\u00e9e":"4 minutes"},"schema":{"@context":"https:\/\/schema.org","@graph":[{"@type":"WebPage","@id":"https:\/\/www.heem.fr\/index.php\/page-d-exemple\/","url":"https:\/\/www.heem.fr\/index.php\/page-d-exemple\/","name":"Page d\u2019exemple -","isPartOf":{"@id":"https:\/\/www.heem.fr\/#website"},"datePublished":"2022-07-12T07:50:14+00:00","dateModified":"2022-10-24T11:09:27+00:00","breadcrumb":{"@id":"https:\/\/www.heem.fr\/index.php\/page-d-exemple\/#breadcrumb"},"inLanguage":"fr-FR","potentialAction":[{"@type":"ReadAction","target":["https:\/\/www.heem.fr\/index.php\/page-d-exemple\/"]}]},{"@type":"BreadcrumbList","@id":"https:\/\/www.heem.fr\/index.php\/page-d-exemple\/#breadcrumb","itemListElement":[{"@type":"ListItem","position":1,"name":"Accueil","item":"https:\/\/www.heem.fr\/"},{"@type":"ListItem","position":2,"name":"Page d\u2019exemple"}]},{"@type":"WebSite","@id":"https:\/\/www.heem.fr\/#website","url":"https:\/\/www.heem.fr\/","name":"Site Web de Gr\u00e9groy HEEM","description":"Bienvenue sur mon site.","publisher":{"@id":"https:\/\/www.heem.fr\/#organization"},"potentialAction":[{"@type":"SearchAction","target":{"@type":"EntryPoint","urlTemplate":"https:\/\/www.heem.fr\/?s={search_term_string}"},"query-input":"required name=search_term_string"}],"inLanguage":"fr-FR"},{"@type":"Organization","@id":"https:\/\/www.heem.fr\/#organization","name":"Gr\u00e9gory HEEM","url":"https:\/\/www.heem.fr\/","logo":{"@type":"ImageObject","inLanguage":"fr-FR","@id":"https:\/\/www.heem.fr\/#\/schema\/logo\/image\/","url":"https:\/\/www.heem.fr\/wp-content\/uploads\/2022\/10\/cropped-heem-4.jpg","contentUrl":"https:\/\/www.heem.fr\/wp-content\/uploads\/2022\/10\/cropped-heem-4.jpg","width":190,"height":249,"caption":"Gr\u00e9gory HEEM"},"image":{"@id":"https:\/\/www.heem.fr\/#\/schema\/logo\/image\/"}}]}},"_links":{"self":[{"href":"https:\/\/www.heem.fr\/index.php\/wp-json\/wp\/v2\/pages\/2","targetHints":{"allow":["GET"]}}],"collection":[{"href":"https:\/\/www.heem.fr\/index.php\/wp-json\/wp\/v2\/pages"}],"about":[{"href":"https:\/\/www.heem.fr\/index.php\/wp-json\/wp\/v2\/types\/page"}],"author":[{"embeddable":true,"href":"https:\/\/www.heem.fr\/index.php\/wp-json\/wp\/v2\/users\/1"}],"replies":[{"embeddable":true,"href":"https:\/\/www.heem.fr\/index.php\/wp-json\/wp\/v2\/comments?post=2"}],"version-history":[{"count":51,"href":"https:\/\/www.heem.fr\/index.php\/wp-json\/wp\/v2\/pages\/2\/revisions"}],"predecessor-version":[{"id":243,"href":"https:\/\/www.heem.fr\/index.php\/wp-json\/wp\/v2\/pages\/2\/revisions\/243"}],"wp:attachment":[{"href":"https:\/\/www.heem.fr\/index.php\/wp-json\/wp\/v2\/media?parent=2"}],"curies":[{"name":"wp","href":"https:\/\/api.w.org\/{rel}","templated":true}]}}